{"id":2959,"date":"2024-01-17T19:12:34","date_gmt":"2024-01-17T19:12:34","guid":{"rendered":"https:\/\/www.logicstudio.net\/servicios\/agilidad-scrum-kanban-pmi-acp\/"},"modified":"2026-02-06T19:52:58","modified_gmt":"2026-02-07T00:52:58","slug":"agilidad-scrum-kanban-pmi-acp","status":"publish","type":"page","link":"https:\/\/www.logicstudio.net\/es\/servicios\/agilidad-scrum-kanban-pmi-acp\/","title":{"rendered":"Agilidad, Scrum y Kanban"},"content":{"rendered":"<style>.wp-block-kadence-spacer.kt-block-spacer-2728_c287f7-83 .kt-block-spacer{height:25px;}.wp-block-kadence-spacer.kt-block-spacer-2728_c287f7-83 .kt-divider{border-top-width:1px;height:1px;border-top-color:#eee;width:80%;border-top-style:dashed;}<\/style>\n<div class=\"wp-block-kadence-spacer aligncenter kt-block-spacer-2728_c287f7-83\"><div class=\"kt-block-spacer kt-block-spacer-halign-center\"><\/div><\/div>\n<style>.kb-row-layout-id2728_13e243-44 > .kt-row-column-wrap{align-content:start;}:where(.kb-row-layout-id2728_13e243-44 > .kt-row-column-wrap) > .wp-block-kadence-column{justify-content:start;}.kb-row-layout-id2728_13e243-44 > .kt-row-column-wrap{column-gap:var(--global-kb-gap-md, 2rem);row-gap:var(--global-kb-gap-md, 2rem);max-width:1182px;margin-left:auto;margin-right:auto;padding-top:60px;padding-bottom:60px;padding-left:18px;grid-template-columns:minmax(0, 1fr);}.kb-row-layout-id2728_13e243-44{background-image:linear-gradient(135deg,rgb(4,92,148) 0%,rgb(2,49,77) 100%);}.kb-row-layout-id2728_13e243-44 > .kt-row-layout-overlay{opacity:0.30;}@media all and (max-width: 1024px){.kb-row-layout-id2728_13e243-44 > .kt-row-column-wrap{grid-template-columns:minmax(0, 1fr);}}@media all and (max-width: 767px){.kb-row-layout-id2728_13e243-44 > .kt-row-column-wrap{grid-template-columns:minmax(0, 1fr);}}<\/style><div class=\"kb-row-layout-wrap kb-row-layout-id2728_13e243-44 alignnone kt-row-has-bg wp-block-kadence-rowlayout\"><div class=\"kt-row-column-wrap kt-has-1-columns kt-row-layout-equal kt-tab-layout-inherit kt-mobile-layout-row kt-row-valign-top\">\n<style>.kadence-column2728_565033-bc > .kt-inside-inner-col,.kadence-column2728_565033-bc > .kt-inside-inner-col:before{border-top-left-radius:0px;border-top-right-radius:0px;border-bottom-right-radius:0px;border-bottom-left-radius:0px;}.kadence-column2728_565033-bc > .kt-inside-inner-col{column-gap:var(--global-kb-gap-sm, 1rem);}.kadence-column2728_565033-bc > .kt-inside-inner-col{flex-direction:column;}.kadence-column2728_565033-bc > .kt-inside-inner-col > .aligncenter{width:100%;}.kadence-column2728_565033-bc > .kt-inside-inner-col:before{opacity:0.3;}.kadence-column2728_565033-bc{position:relative;}@media all and (max-width: 1024px){.kadence-column2728_565033-bc > .kt-inside-inner-col{flex-direction:column;justify-content:center;}}@media all and (max-width: 767px){.kadence-column2728_565033-bc > .kt-inside-inner-col{flex-direction:column;justify-content:center;}}<\/style>\n<div class=\"wp-block-kadence-column kadence-column2728_565033-bc inner-column-1\"><div class=\"kt-inside-inner-col\">\n<h1 class=\"wp-block-heading has-theme-palette-9-color has-text-color\" style=\"font-size:44px;line-height:1.2\">Agilidad, Scrum y Kanban<\/h1>\n\n\n\n<h2 class=\"wp-block-heading has-theme-palette-9-color has-text-color\" style=\"font-size:20px;font-style:normal;font-weight:400\">Scrum se ha convertido cada vez m\u00e1s en nuestra metodolog\u00eda preferida para la gran mayor\u00eda de proyectos.<\/h2>\n<\/div><\/div>\n\n<\/div><\/div><style>.kb-row-layout-id2728_88c106-14 > .kt-row-column-wrap{align-content:center;}:where(.kb-row-layout-id2728_88c106-14 > .kt-row-column-wrap) > .wp-block-kadence-column{justify-content:center;}.kb-row-layout-id2728_88c106-14 > .kt-row-column-wrap{column-gap:var(--global-kb-gap-none, 0rem );row-gap:var(--global-kb-gap-none, 0rem );max-width:var( --global-content-width, 1290px );padding-left:var(--global-content-edge-padding);padding-right:var(--global-content-edge-padding);padding-top:65px;padding-right:0px;padding-bottom:30px;padding-left:0px;grid-template-columns:minmax(0, 1fr);}.kb-row-layout-id2728_88c106-14{border-top:5px solid rgba(245,253,255,0);border-right:5px solid rgba(245,253,255,0);border-bottom:5px solid rgba(245,253,255,0);border-left:5px solid rgba(245,253,255,0);}.kb-row-layout-id2728_88c106-14 > .kt-row-layout-overlay{opacity:0.30;}@media all and (max-width: 1024px){.kb-row-layout-id2728_88c106-14 > .kt-row-column-wrap{padding-top:90px;padding-right:30px;padding-bottom:0px;padding-left:30px;grid-template-columns:minmax(0, 1fr);}}@media all and (max-width: 1024px){.kb-row-layout-id2728_88c106-14{border-top:5px solid rgba(245,253,255,0);border-right:5px solid rgba(245,253,255,0);border-bottom:5px solid rgba(245,253,255,0);border-left:5px solid rgba(245,253,255,0);}}@media all and (max-width: 767px){.kb-row-layout-id2728_88c106-14 > .kt-row-column-wrap{padding-top:0px;padding-right:20px;padding-bottom:70px;padding-left:20px;grid-template-columns:minmax(0, 1fr);}.kb-row-layout-id2728_88c106-14{border-top:5px solid rgba(245,253,255,0);border-right:5px solid rgba(245,253,255,0);border-bottom:5px solid rgba(245,253,255,0);border-left:5px solid rgba(245,253,255,0);}}<\/style><div class=\"kb-row-layout-wrap kb-row-layout-id2728_88c106-14 alignnone wp-block-kadence-rowlayout\"><div class=\"kt-row-column-wrap kt-has-1-columns kt-row-layout-equal kt-tab-layout-inherit kt-mobile-layout-row kt-row-valign-middle kb-theme-content-width\">\n<style>.kadence-column2728_5aa3cf-ea > .kt-inside-inner-col{padding-right:70px;padding-left:70px;}.kadence-column2728_5aa3cf-ea > .kt-inside-inner-col,.kadence-column2728_5aa3cf-ea > .kt-inside-inner-col:before{border-top-left-radius:0px;border-top-right-radius:0px;border-bottom-right-radius:0px;border-bottom-left-radius:0px;}.kadence-column2728_5aa3cf-ea > .kt-inside-inner-col{column-gap:var(--global-kb-gap-sm, 1rem);}.kadence-column2728_5aa3cf-ea > .kt-inside-inner-col{flex-direction:column;}.kadence-column2728_5aa3cf-ea > .kt-inside-inner-col > .aligncenter{width:100%;}.kadence-column2728_5aa3cf-ea > .kt-inside-inner-col:before{opacity:0.3;}.kadence-column2728_5aa3cf-ea{position:relative;}@media all and (max-width: 1024px){.kadence-column2728_5aa3cf-ea > .kt-inside-inner-col{padding-top:50px;padding-right:40px;padding-bottom:70px;padding-left:40px;flex-direction:column;justify-content:center;}}@media all and (max-width: 1024px){.kadence-column2728_5aa3cf-ea, .kt-inside-inner-col > .kadence-column2728_5aa3cf-ea:not(.specificity){margin-top:0px;margin-right:0px;margin-bottom:0px;margin-left:0px;}}@media all and (max-width: 767px){.kadence-column2728_5aa3cf-ea > .kt-inside-inner-col{padding-top:30px;padding-right:0px;padding-bottom:0px;padding-left:0px;flex-direction:column;justify-content:center;}}<\/style>\n<div class=\"wp-block-kadence-column kadence-column2728_5aa3cf-ea inner-column-2\"><div class=\"kt-inside-inner-col\">\n<p>El enfoque tradicional de gesti\u00f3n de proyectos y las limitaciones de tiempo, la complejidad, la gesti\u00f3n de requisitos, la calidad de los entregables y la alineaci\u00f3n del equipo, hacen dif\u00edcil y a veces imposible alcanzar el \u00e9xito.<\/p>\n\n\n\n<p>Ayudamos a las organizaciones a adoptar el m\u00e9todo Agile, un enfoque r\u00e1pido, flexible y eficaz orientado a resultados, dise\u00f1ado para proporcionar valor significativo de forma incremental durante la ejecuci\u00f3n de un proyecto, no solo de desarrollo de software.<\/p>\n\n\n\n<p>Ofrecemos consultor\u00eda, coaching, facilitadores expertos y formaci\u00f3n completamente pr\u00e1ctica donde ense\u00f1amos t\u00e9cnicas y fundamentos del Agile Management para resultados.<\/p>\n\n\n<div class=\"wp-block-image\">\n<figure class=\"aligncenter size-full\"><img loading=\"lazy\" decoding=\"async\" width=\"297\" height=\"300\" src=\"https:\/\/www.logicstudio.net\/wp-content\/uploads\/2024\/01\/agile-lifecycle-297x300-1.png\" alt=\"\" class=\"wp-image-2731\"\/><\/figure>\n<\/div>\n\n<style>.wp-block-kadence-spacer.kt-block-spacer-2728_e8990c-fd .kt-block-spacer{height:6px;}.wp-block-kadence-spacer.kt-block-spacer-2728_e8990c-fd .kt-divider{border-top-width:1px;height:1px;border-top-color:#eee;width:80%;border-top-style:solid;}<\/style>\n<div class=\"wp-block-kadence-spacer aligncenter kt-block-spacer-2728_e8990c-fd\"><div class=\"kt-block-spacer kt-block-spacer-halign-center\"><\/div><\/div>\n\n\n\n<h3 class=\"wp-block-heading\" style=\"font-size:20px;font-style:normal;font-weight:400;line-height:1.2\"><strong>Somos expertos en Agile Project Management alineados al PMI Project Management Institute y ayudamos a las oficinas de proyectos tradicionales PMO a pasar a facilitadores de agilidad modernos y eficientes.<\/strong><\/h3>\n\n\n\n<p>Durante m\u00e1s de 20 a\u00f1os hemos aplicado la agilidad en nuestros proyectos para clientes como Chubb Insurance USA, Banco General, Banesco, Global Bank, BICSA y entendemos que el proceso de adopci\u00f3n requiere tiempo pero lo m\u00e1s importante decisi\u00f3n y disciplina para conseguir resultados que nos permitan liderar el mercado.<\/p>\n\n\n\n<p>Entre nuestros consultores contamos con personal experto certificado como:<\/p>\n\n\n\n<ul class=\"wp-block-list\">\n<li>Profesional en Gesti\u00f3n de Proyectos PMP<\/li>\n\n\n\n<li>Profesional Certificado \u00c1gil del PMI<\/li>\n\n\n\n<li>Scrum Master<\/li>\n\n\n\n<li>Scrum Product Owner<\/li>\n\n\n\n<li>Profesional Scrum Master<\/li>\n<\/ul>\n\n\n\n<p>Aplicamos diferentes opciones de agilidad: <a href=\"http:\/\/www.projectmanagement.com\/profile\/AlexSanchezLogicStudio\" target=\"_blank\" rel=\"noreferrer noopener\">PMI<\/a>, Scrum.org y <a href=\"https:\/\/www.scrumalliance.org\/community\/profile\/asanchez\">Scrum Alliance<\/a> o Scrum Study, which fits best to your organization, el que mejor se adapta a tu organizaci\u00f3n, resultados exitosos para tu startup o la empresa privada m\u00e1s grande del pa\u00eds.<\/p>\n<\/div><\/div>\n\n<\/div><\/div><style>.kadence-column2728_58eb91-c2 > .kt-inside-inner-col,.kadence-column2728_58eb91-c2 > .kt-inside-inner-col:before{border-top-left-radius:0px;border-top-right-radius:0px;border-bottom-right-radius:0px;border-bottom-left-radius:0px;}.kadence-column2728_58eb91-c2 > .kt-inside-inner-col{column-gap:var(--global-kb-gap-sm, 1rem);}.kadence-column2728_58eb91-c2 > .kt-inside-inner-col{flex-direction:column;}.kadence-column2728_58eb91-c2 > .kt-inside-inner-col > .aligncenter{width:100%;}.kadence-column2728_58eb91-c2 > .kt-inside-inner-col:before{opacity:0.3;}.kadence-column2728_58eb91-c2{position:relative;}@media all and (max-width: 1024px){.kadence-column2728_58eb91-c2 > .kt-inside-inner-col{flex-direction:column;justify-content:center;}}@media all and (max-width: 767px){.kadence-column2728_58eb91-c2 > .kt-inside-inner-col{flex-direction:column;justify-content:center;}}<\/style>\n<div class=\"wp-block-kadence-column kadence-column2728_58eb91-c2 inner-column-1\"><div class=\"kt-inside-inner-col\"><style>.kb-row-layout-id2728_e472d4-23 > .kt-row-column-wrap{align-content:start;}:where(.kb-row-layout-id2728_e472d4-23 > .kt-row-column-wrap) > .wp-block-kadence-column{justify-content:start;}.kb-row-layout-id2728_e472d4-23 > .kt-row-column-wrap{column-gap:var(--global-kb-gap-md, 2rem);row-gap:var(--global-kb-gap-md, 2rem);padding-top:25px;padding-right:25px;padding-bottom:25px;padding-left:25px;grid-template-columns:minmax(0, 1fr);}.kb-row-layout-id2728_e472d4-23{background-image:url('https:\/\/www.logicstudio.net\/wp-content\/uploads\/2022\/06\/caja-azul.png');background-size:cover;background-position:10% 50%;background-attachment:scroll;background-repeat:no-repeat;}.kb-row-layout-id2728_e472d4-23 > .kt-row-layout-overlay{opacity:0.30;}@media all and (max-width: 1024px){.kb-row-layout-id2728_e472d4-23 > .kt-row-column-wrap{grid-template-columns:minmax(0, 1fr);}}@media all and (max-width: 767px){.kb-row-layout-id2728_e472d4-23 > .kt-row-column-wrap{grid-template-columns:minmax(0, 1fr);}}<\/style><div class=\"kb-row-layout-wrap kb-row-layout-id2728_e472d4-23 alignnone kt-row-has-bg wp-block-kadence-rowlayout\"><div class=\"kt-row-column-wrap kt-has-1-columns kt-row-layout-equal kt-tab-layout-inherit kt-mobile-layout-row kt-row-valign-top\">\n<style>.kadence-column2728_aaa3ed-e8 > .kt-inside-inner-col{display:flex;}.kadence-column2728_aaa3ed-e8 > .kt-inside-inner-col,.kadence-column2728_aaa3ed-e8 > .kt-inside-inner-col:before{border-top-left-radius:0px;border-top-right-radius:0px;border-bottom-right-radius:0px;border-bottom-left-radius:0px;}.kadence-column2728_aaa3ed-e8 > .kt-inside-inner-col{row-gap:10px;column-gap:var(--global-kb-gap-sm, 1rem);}.kadence-column2728_aaa3ed-e8 > .kt-inside-inner-col{flex-direction:column;}.kadence-column2728_aaa3ed-e8 > .kt-inside-inner-col > .aligncenter{width:100%;}.kadence-column2728_aaa3ed-e8 > .kt-inside-inner-col:before{opacity:0.3;}.kadence-column2728_aaa3ed-e8{position:relative;}@media all and (max-width: 1024px){.kadence-column2728_aaa3ed-e8 > .kt-inside-inner-col{flex-direction:column;justify-content:center;}}@media all and (max-width: 767px){.kadence-column2728_aaa3ed-e8 > .kt-inside-inner-col{flex-direction:column;justify-content:center;}}<\/style>\n<div class=\"wp-block-kadence-column kadence-column2728_aaa3ed-e8 inner-column-1\"><div class=\"kt-inside-inner-col\">\n<h2 class=\"wp-block-heading has-text-align-center has-theme-palette-9-color has-text-color\" style=\"padding-top:var(--wp--preset--spacing--60);font-size:31px;font-style:normal;font-weight:400;line-height:1.2\"><strong>En Logic Studio nos enfocamos en crear los resultados que usted espera de sus iniciativas de innovaci\u00f3n.<\/strong><\/h2>\n\n\n<style>.wp-block-kadence-advancedbtn.kb-btns2728_f17f30-67{gap:var(--global-kb-gap-xs, 0.5rem );justify-content:center;align-items:center;}.kt-btns2728_f17f30-67 .kt-button{font-weight:normal;font-style:normal;}<\/style>\n<div class=\"wp-block-kadence-advancedbtn kb-buttons-wrap kb-btns2728_f17f30-67\"><style>ul.menu .wp-block-kadence-advancedbtn .kb-btn2728_bad6e9-f1.kb-button{width:initial;}.wp-block-kadence-advancedbtn .kb-btn2728_bad6e9-f1.kb-button{color:var(--global-palette9, #ffffff);background:rgba(0, 0, 0, 0.08);font-size:nonepx;border-top:2px solid var(--global-palette9, #ffffff);border-right:2px solid var(--global-palette9, #ffffff);border-bottom:2px solid var(--global-palette9, #ffffff);border-left:2px solid var(--global-palette9, #ffffff);padding-top:8px;padding-right:55px;padding-bottom:8px;padding-left:55px;margin-bottom:var(--global-kb-spacing-md, 2rem);}.wp-block-kadence-advancedbtn .kb-btn2728_bad6e9-f1.kb-button:hover, .wp-block-kadence-advancedbtn .kb-btn2728_bad6e9-f1.kb-button:focus{color:#4b4b4b;background:var(--global-palette9, #ffffff);border-top-color:var(--global-palette9, #ffffff);border-top-style:solid;border-right-color:var(--global-palette9, #ffffff);border-right-style:solid;border-bottom-color:var(--global-palette9, #ffffff);border-bottom-style:solid;border-left-color:var(--global-palette9, #ffffff);border-left-style:solid;}@media all and (max-width: 1024px){.wp-block-kadence-advancedbtn .kb-btn2728_bad6e9-f1.kb-button{border-top:2px solid var(--global-palette9, #ffffff);border-right:2px solid var(--global-palette9, #ffffff);border-bottom:2px solid var(--global-palette9, #ffffff);border-left:2px solid var(--global-palette9, #ffffff);}}@media all and (max-width: 1024px){.wp-block-kadence-advancedbtn .kb-btn2728_bad6e9-f1.kb-button:hover, .wp-block-kadence-advancedbtn .kb-btn2728_bad6e9-f1.kb-button:focus{border-top-color:var(--global-palette9, #ffffff);border-top-style:solid;border-right-color:var(--global-palette9, #ffffff);border-right-style:solid;border-bottom-color:var(--global-palette9, #ffffff);border-bottom-style:solid;border-left-color:var(--global-palette9, #ffffff);border-left-style:solid;}}@media all and (max-width: 767px){.wp-block-kadence-advancedbtn .kb-btn2728_bad6e9-f1.kb-button{border-top:2px solid var(--global-palette9, #ffffff);border-right:2px solid var(--global-palette9, #ffffff);border-bottom:2px solid var(--global-palette9, #ffffff);border-left:2px solid var(--global-palette9, #ffffff);}.wp-block-kadence-advancedbtn .kb-btn2728_bad6e9-f1.kb-button:hover, .wp-block-kadence-advancedbtn .kb-btn2728_bad6e9-f1.kb-button:focus{border-top-color:var(--global-palette9, #ffffff);border-top-style:solid;border-right-color:var(--global-palette9, #ffffff);border-right-style:solid;border-bottom-color:var(--global-palette9, #ffffff);border-bottom-style:solid;border-left-color:var(--global-palette9, #ffffff);border-left-style:solid;}}<\/style><a class=\"kb-button kt-button button kb-btn2728_bad6e9-f1 kt-btn-size-standard kt-btn-width-type-auto kb-btn-global-inherit  kt-btn-has-text-true kt-btn-has-svg-false  wp-block-button__link wp-block-kadence-singlebtn\" href=\"https:\/\/www.logicstudio.net\/es\/contactenos\/\"><span class=\"kt-btn-inner-text\">Contactenos<\/span><\/a><\/div>\n<\/div><\/div>\n\n<\/div><\/div><\/div><\/div>\n","protected":false},"excerpt":{"rendered":"<p>Agilidad, Scrum y Kanban Scrum se ha convertido cada vez m\u00e1s en nuestra metodolog\u00eda preferida para la gran mayor\u00eda de proyectos. El enfoque tradicional de gesti\u00f3n de proyectos y las limitaciones de tiempo, la complejidad, la gesti\u00f3n de requisitos, la calidad de los entregables y la alineaci\u00f3n del equipo, hacen dif\u00edcil y a veces imposible&#8230;<\/p>\n","protected":false},"author":3,"featured_media":0,"parent":2773,"menu_order":0,"comment_status":"closed","ping_status":"closed","template":"","meta":{"_kad_blocks_custom_css":"","_kad_blocks_head_custom_js":"","_kad_blocks_body_custom_js":"","_kad_blocks_footer_custom_js":"","_kadence_starter_templates_imported_post":false,"_kad_post_transparent":"disable","_kad_post_title":"hide","_kad_post_layout":"fullwidth","_kad_post_sidebar_id":"","_kad_post_content_style":"unboxed","_kad_post_vertical_padding":"hide","_kad_post_feature":"hide","_kad_post_feature_position":"","_kad_post_header":false,"_kad_post_footer":false,"_kad_post_classname":"","footnotes":""},"class_list":["post-2959","page","type-page","status-publish","hentry"],"aioseo_notices":[],"taxonomy_info":[],"featured_image_src_large":false,"author_info":{"display_name":"Arlette Perez","author_link":"https:\/\/www.logicstudio.net\/es\/author\/arlette-perez\/"},"comment_info":0,"_links":{"self":[{"href":"https:\/\/www.logicstudio.net\/es\/wp-json\/wp\/v2\/pages\/2959","targetHints":{"allow":["GET"]}}],"collection":[{"href":"https:\/\/www.logicstudio.net\/es\/wp-json\/wp\/v2\/pages"}],"about":[{"href":"https:\/\/www.logicstudio.net\/es\/wp-json\/wp\/v2\/types\/page"}],"author":[{"embeddable":true,"href":"https:\/\/www.logicstudio.net\/es\/wp-json\/wp\/v2\/users\/3"}],"replies":[{"embeddable":true,"href":"https:\/\/www.logicstudio.net\/es\/wp-json\/wp\/v2\/comments?post=2959"}],"version-history":[{"count":14,"href":"https:\/\/www.logicstudio.net\/es\/wp-json\/wp\/v2\/pages\/2959\/revisions"}],"predecessor-version":[{"id":5330,"href":"https:\/\/www.logicstudio.net\/es\/wp-json\/wp\/v2\/pages\/2959\/revisions\/5330"}],"up":[{"embeddable":true,"href":"https:\/\/www.logicstudio.net\/es\/wp-json\/wp\/v2\/pages\/2773"}],"wp:attachment":[{"href":"https:\/\/www.logicstudio.net\/es\/wp-json\/wp\/v2\/media?parent=2959"}],"curies":[{"name":"wp","href":"https:\/\/api.w.org\/{rel}","templated":true}]}}